{"id":1108,"date":"2022-11-16T09:45:09","date_gmt":"2022-11-16T09:45:09","guid":{"rendered":"https:\/\/farmaciamaitecosta.com\/politica-de-privacidad\/"},"modified":"2023-08-03T09:56:18","modified_gmt":"2023-08-03T09:56:18","slug":"politica-de-privacidad","status":"publish","type":"page","link":"https:\/\/farmaciamaitecosta.com\/es\/politica-de-privacidad\/","title":{"rendered":"Pol\u00edtica de privacidad"},"content":{"rendered":"\t\t<div data-elementor-type=\"wp-page\" data-elementor-id=\"1108\" class=\"elementor elementor-1108 elementor-21\" data-elementor-post-type=\"page\">\n\t\t\t\t\t\t<section class=\"elementor-section elementor-top-section elementor-element elementor-element-c5bce4e elementor-section-boxed elementor-section-height-default elementor-section-height-default\" data-id=\"c5bce4e\" data-element_type=\"section\">\n\t\t\t\t\t\t<div class=\"elementor-container elementor-column-gap-default\">\n\t\t\t\t\t<div class=\"elementor-column elementor-col-100 elementor-top-column elementor-element elementor-element-1ad44e5\" data-id=\"1ad44e5\" data-element_type=\"column\">\n\t\t\t<div class=\"elementor-widget-wrap elementor-element-populated\">\n\t\t\t\t\t\t<div class=\"elementor-element elementor-element-3becf4c elementor-widget elementor-widget-text-editor\" data-id=\"3becf4c\" data-element_type=\"widget\" data-widget_type=\"text-editor.default\">\n\t\t\t\t<div class=\"elementor-widget-container\">\n\t\t\t\t\t\t\t\t\t<div data-id=\"fb64dc9\" data-element_type=\"widget\" data-widget_type=\"heading.default\">\n<div data-id=\"7c1b7ea\" data-element_type=\"widget\" data-widget_type=\"heading.default\">\n<div>\n<div data-id=\"fb64dc9\" data-element_type=\"widget\" data-widget_type=\"heading.default\">\n<div>\n<h2>Farm\u00e0cia Maite Costa<\/h2>\n<\/div>\n<\/div>\n<\/div>\n<\/div>\n<div data-id=\"407e7a2\" data-element_type=\"widget\" data-widget_type=\"text-editor.default\">\n<p>Farm\u00e0cia Maite Costa se compromete a proteger la privacidad de los usuarios que acceden a esta web y\/o cualquier de sus servicios. La utilitzaci\u00f3n de la web y\/o de cualquiera de los servicios ofrecidos por Farm\u00e0cia Maite Costa implica la aceptaci\u00f3n por el usuario de las disposiciones contenidas en la presente Pol\u00edtica de Privacitat y que sus datos personales sean tratadas segun se estipula en ella. Porfavor, ten en cuenta que todo y que pueda haber enlaces de nuestra web a otras webs, esta Pol\u00edtica de Privacitat no se aplica en las webs de otras compa\u00f1ias o organitzaciones a las que la web este redirigida. Farm\u00e0cia Maite Costa no controla el contenido de las webs de terceros ni acepta cualquier responsabilidad por el contenido o las pol\u00edticas de privacidad de estas webs.<\/p>\n<p><b>Informaci\u00f3n sobre el tratamiento de datos (Reglamento (UE) 2016\/679 y LO 3\/2018)<\/b><\/p>\n<table>\n<tbody>\n<tr>\n<td>\n<p><b>Responsable del tratamiento<\/b><\/p>\n<\/td>\n<td>\n<p>Farm\u00e0cia Maite Costa<\/p>\n<p>NIF: 39365341J<\/p>\n<p>C\/ Pa\u00efsos Catalans 11 - 08275 - Calders (Barcelona)<\/p>\n<p>Email: info@farmaciamaitecosta..com<i title=\"Email encoded successfully!\"><\/i><\/p>\n<\/td>\n<\/tr>\n<tr>\n<td>\n<p><b>Finalidad del tratamiento<\/b><\/p>\n<\/td>\n<td>\n<p>Ofrecer y gestionar nuestros servicios inform\u00e1ticos.<\/p>\n<\/td>\n<\/tr>\n<tr>\n<td>\n<p><b>Legitimaci\u00f3n<\/b><\/p>\n<\/td>\n<td>\n<p>De forma general, la legitimaci\u00f3n para el tratamiento de los datos se encontrar\u00e1 en el consentimiento obtenido del interesado o en la ejecuci\u00f3n del contrato de servicios. <\/p>\n<\/td>\n<\/tr>\n<tr>\n<td>\n<p><b>Destinatarios<\/b><\/p>\n<\/td>\n<td>\n<p>Los datos no ser\u00e1n comunicados a terceros, salvo que lo exija una ley o sea necesario para cumplir con la finalidad del tratamiento.<\/p>\n<\/td>\n<\/tr>\n<tr>\n<td>\n<p><b>Derechos de las personas<\/b><\/p>\n<\/td>\n<td>\n<p>Los interesados tienen derecho a ejercer los derechos de acceso, rectificaci\u00f3n, limitaci\u00f3n de tratamiento, supresi\u00f3n, portabilidad y oposici\u00f3n, enviando su solicitud a nuestra direcci\u00f3n.<\/p>\n<\/td>\n<\/tr>\n<tr>\n<td>\n<p><b>Plazo de conservaci\u00f3n de los datos<\/b><\/p>\n<\/td>\n<td>\n<p>Mientras se mantenga la relaci\u00f3n comercial o durante los a\u00f1os necesarios para cumplir con sus obligaciones legales.<\/p>\n<\/td>\n<\/tr>\n<tr>\n<td>\n<p><b>Reclamaci\u00f3n<\/b><\/p>\n<\/td>\n<td>\n<p>Los interesados pueden dirigirse a la AEPD para presentar la reclamaci\u00f3n que considere oportuna.<\/p>\n<\/td>\n<\/tr>\n<tr>\n<td>\n<p><b>Informaci\u00f3n adicional<\/b><\/p>\n<\/td>\n<td>\n<p>Puede consultar la informaci\u00f3n adicional y detallada a continuaci\u00f3n en las \u201cCuestiones sobre privacidad\u201d.<\/p>\n<\/td>\n<\/tr>\n<\/tbody>\n<\/table>\n<p><b>Cuestiones sobre privacidad<\/b><\/p>\n<p>En cumplimiento del Reglamento (UE) 2016\/679 del Parlamento Europeo y del Consejo, de 27 de abril de 2016, (RGPD) y la Ley Org\u00e1nica 3\/2018, de 5 de diciembre, de Protecci\u00f3n de Datos Personales y garant\u00eda de los derechos digitales (LOPDGDD), le ofrecemos la siguiente informaci\u00f3n sobre el tratamiento de sus datos personales:<\/p>\n<p><b>\u00bfQui\u00e9n es el responsable del tratamiento de sus datos?<\/b><\/p>\n<p>Identidad: <span style=\"color: var( --e-global-color-text ); font-family: var( --e-global-typography-text-font-family ), Sans-serif; font-weight: var( --e-global-typography-text-font-weight ); font-size: 1rem;\"> <\/span><span style=\"color: var( --e-global-color-text ); font-family: var( --e-global-typography-text-font-family ), Sans-serif; font-weight: var( --e-global-typography-text-font-weight ); font-size: 1rem;\">Farm\u00e0cia Maite Costa<\/span><\/p>\n<p>NIF: <span style=\"color: var( --e-global-color-text ); font-family: var( --e-global-typography-text-font-family ), Sans-serif; font-weight: var( --e-global-typography-text-font-weight ); font-size: 1rem;\">39365341J<\/span><\/p>\n<p>Direcci\u00f3n: <span style=\"color: var( --e-global-color-text ); font-family: var( --e-global-typography-text-font-family ), Sans-serif; font-weight: var( --e-global-typography-text-font-weight ); font-size: 1rem;\">direccions_rgpd<\/span><\/p>\n<p>Tel.: <span style=\"color: var( --e-global-color-text ); font-family: var( --e-global-typography-text-font-family ), Sans-serif; font-weight: var( --e-global-typography-text-font-weight ); font-size: 1rem;\">Tel\u00e8fon: 938 309 238<\/span><\/p>\n<p>Email: <i title=\"Email encoded successfully!\"><\/i><span style=\"color: var( --e-global-color-text ); font-family: var( --e-global-typography-text-font-family ), Sans-serif; font-weight: var( --e-global-typography-text-font-weight ); font-size: 1rem;\">info@farmaciamaitecosta..com<\/span><\/p>\n<p><b>\u00bfCon qu\u00e9 finalidad tratamos sus datos personales?<\/b><\/p>\n<ul>\n<li aria-level=\"1\">Tratamos la informaci\u00f3n que se nos facilita para gestionar nuestros servicios inform\u00e1ticos.<\/li>\n<li aria-level=\"1\">En caso de que se ponga en contacto con nosotros para hacernos una consulta las trataremos para darle respuesta.<\/li>\n<li aria-level=\"1\">Si nos da su consentimiento, tambi\u00e9n podremos tratar sus datos para enviarle informaci\u00f3n sobre nuestras actividades, productos o servicios. <\/li>\n<\/ul>\n<p><b>\u00bfPor cu\u00e1nto tiempo conservaremos sus datos?<\/b><\/p>\n<ul>\n<li aria-level=\"1\">Los datos personales proporcionados se conservar\u00e1n mientras sea usuario de nuestros servicios o quiera recibir informaci\u00f3n, dado que puede oponerse al tratamiento de sus datos con fines promocionales en cualquier momento, y despu\u00e9s, durante los plazos establecidos para cumplir con nuestras obligaciones legales, que en el caso documentaci\u00f3n contable y fiscal a efectos mercantiles ser\u00e1n 6 a\u00f1os, de conformidad con el art. 30 del C\u00f3digo Comercio, ya efectos fiscales ser\u00e1n 4 a\u00f1os, de acuerdo con los art\u00edculos 66 a 70 de la Ley General Tributaria.<\/li>\n<\/ul>\n<p><b>\u00bfCu\u00e1l es la legitimaci\u00f3n para el tratamiento de sus datos?<\/b><\/p>\n<p>La legitimaci\u00f3n para su tratamiento se encuentra en la ejecuci\u00f3n del contrato de servicios y en los consentimientos que nos da.<\/p>\n<p>Respecto a aquella informaci\u00f3n que sea remitida por menores de 14 a\u00f1os, ser\u00e1 requisito imprescindible que se haga con el consentimiento paterno, tutor o legal representante del menor para que los datos personales puedan ser objeto de tratamiento. Si no es as\u00ed, el representante legal del menor debe comunicarlo tan pronto como tenga conocimiento.<\/p>\n<p><b>\u00bfA qu\u00e9 destinatarios se comunicar\u00e1n sus datos?<\/b><\/p>\n<p>Los datos no ser\u00e1n comunicados a terceros, salvo que lo exija una ley o sea necesario para cumplir con la finalidad del tratamiento.<\/p>\n<p><b>\u00bfCu\u00e1les son sus derechos cuando nos facilita sus datos?<\/b><\/p>\n<ul>\n<li aria-level=\"1\">Cualquier persona tiene derecho a obtener confirmaci\u00f3n sobre si estamos tratando o no sus datos personales.<\/li>\n<li aria-level=\"1\">Las personas interesadas tienen derecho a acceder a sus datos personales, as\u00ed como a solicitar la rectificaci\u00f3n de los datos inexactos o, en su caso, solicitar su supresi\u00f3n cuando, entre otros motivos, los datos ya no sean necesarios para los fines para los que se recogieron.<\/li>\n<li aria-level=\"1\">En determinadas circunstancias los interesados podr\u00e1n solicitar la limitaci\u00f3n del tratamiento de sus datos, en cuyo caso \u00fanicamente los conservaremos para el ejercicio o la defensa de reclamaciones.<\/li>\n<li aria-level=\"1\">Tambi\u00e9n, en determinadas circunstancias y por motivos relacionados con su situaci\u00f3n particular, los interesados pueden oponerse al tratamiento de sus datos. En este caso dejaremos de tratarlas, salvo por motivos leg\u00edtimos imperiosos o para el ejercicio o defensa de posibles reclamaciones.<\/li>\n<li aria-level=\"1\">Los interesados tambi\u00e9n tendr\u00e1n derecho a la portabilidad de sus datos.<\/li>\n<li aria-level=\"1\">Cualquier interesado tiene derecho a no ser objeto de una decisi\u00f3n basada \u00fanicamente en el tratamiento automatizado, incluida la elaboraci\u00f3n de perfiles, que produzca efectos jur\u00eddicos que le afecten o que le afecten significativamente de forma similar.<\/li>\n<li aria-level=\"1\">Por \u00faltimo, los interesados tienen derecho a presentar una reclamaci\u00f3n ante la Autoridad de Control competente.<\/li>\n<\/ul>\n<p><b>\u00bfC\u00f3mo puede ejercer sus derechos? <\/b><\/p>\n<p>Envi\u00e1ndonos un escrito adjuntando una copia de un documento que lo identifique, en nuestra direcci\u00f3n f\u00edsica o en la electr\u00f3nica. <\/p>\n<p><b>\u00bfC\u00f3mo hemos obtenido sus datos?<\/b><\/p>\n<p>Los datos personales que tratamos proceden del propio interesado, quien garantiza que los datos personales facilitados son ciertos y se hace responsable de comunicar cualquier modificaci\u00f3n. Los datos que est\u00e9n marcados con un asterisco son obligatorios para poder darle el servicio solicitado.<\/p>\n<p><b>\u00bfQu\u00e9 datos tratamos?<\/b><\/p>\n<p>Las categor\u00edas de datos que podemos tratar son:<\/p>\n<ul>\n<li aria-level=\"1\">Datos de car\u00e1cter identificativo<\/li>\n<li aria-level=\"1\">Direcciones postales o electr\u00f3nicas<\/li>\n<li aria-level=\"1\">Datos de representantes legales de personas jur\u00eddicas<\/li>\n<\/ul>\n<p>Los datos son limitados, dado que \u00fanicamente tratamos los datos necesarios para la prestaci\u00f3n de nuestros servicios y la gesti\u00f3n de nuestra actividad. <\/p>\n<p><b>\u00bfRealizamos transferencias internacionales de datos?<\/b><\/p>\n<p>En la prestaci\u00f3n de nuestros servicios nos valemos de empresas auxiliares que tratan datos por nuestra cuenta fuera de la Uni\u00f3n Europea. Estas transmisiones internacionales de datos est\u00e1n amparadas en las Cl\u00e1usulas contractuales tipo de protecci\u00f3n de datos adoptadas por la Comisi\u00f3n Europea, de conformidad con el procedimiento de examen a que se refiere el art\u00edculo 93, apartado 2 del RGPD.<\/p>\n<p><b>\u00bfUtilizamos cookies?<\/b><\/p>\n<p>Utilizamos cookies durante la navegaci\u00f3n en nuestra web con el consentimiento del usuario. <\/p>\n<p>El usuario puede configurar su navegador para que le aviso de la utilizaci\u00f3n de cookies y para evitar su uso. Por favor, visite nuestra pol\u00edtica de cookies.<\/p>\n<p><b>\u00bfQu\u00e9 medidas de seguridad aplicamos?<\/b><\/p>\n<p>Aplicamos las medidas de seguridad establecidas en el art\u00edculo 32 del RGPD, por tanto hemos adoptado las medidas de seguridad necesarias para garantizar un nivel de seguridad adecuado al riesgo del tratamiento de datos que realizamos, con mecanismos que nos permiten garantizar la confidencialidad, integridad, disponibilidad y resiliencia permanente de los sistemas y servicios de tratamiento.<\/p>\n<p>Algunas de estas medidas son:<\/p>\n<ul>\n<li aria-level=\"1\">Informaci\u00f3n de las pol\u00edticas de tratamiento de datos al personal.<\/li>\n<li aria-level=\"1\">Realizaci\u00f3n de copias de seguridad peri\u00f3dicas.<\/li>\n<li aria-level=\"1\">Control de acceso a los datos.<\/li>\n<li aria-level=\"1\">Procesos de verificaci\u00f3n, evaluaci\u00f3n y valoraci\u00f3n regulares.<\/li>\n<\/ul>\n<p><b>\u00bfC\u00f3mo tratamos los datos por cuenta de terceros?<\/b><\/p>\n<p>Cuando en la prestaci\u00f3n de nuestros servicios debamos tratar datos de car\u00e1cter personal de los que otras entidades sean las responsables, lo haremos en calidad de encargados del tratamiento, de conformidad con lo establecido en el art\u00edculo 28 del RGPD. Estos tratamientos de los datos personales se regular\u00e1n en el correspondiente contrato de tratamiento de datos.<\/p>\n<\/div>\n<\/div>\n\t\t\t\t\t\t\t\t<\/div>\n\t\t\t\t<\/div>\n\t\t\t\t\t<\/div>\n\t\t<\/div>\n\t\t\t\t\t<\/div>\n\t\t<\/section>\n\t\t\t\t<\/div>\n\t\t","protected":false},"excerpt":{"rendered":"<p>Farm\u00e0cia Maite Costa Farm\u00e0cia Maite Costa se compromete a proteger la privacidad de los usuarios que acceden a esta web y\/o cualquier de sus servicios. La utilitzaci\u00f3n de la web y\/o de cualquiera de los servicios ofrecidos por Farm\u00e0cia Maite Costa implica la aceptaci\u00f3n por el usuario de las disposiciones contenidas en la presente Pol\u00edtica [&hellip;]<\/p>\n","protected":false},"author":1,"featured_media":0,"parent":0,"menu_order":0,"comment_status":"closed","ping_status":"closed","template":"","meta":{"footnotes":""},"class_list":["post-1108","page","type-page","status-publish","hentry"],"yoast_head":"<!-- This site is optimized with the Yoast SEO plugin v25.6 - https:\/\/yoast.com\/wordpress\/plugins\/seo\/ -->\n<title>Pol\u00edtica de privacidad - Farm\u00e0cia Maite Costa a Calders<\/title>\n<meta name=\"robots\" content=\"index, follow, max-snippet:-1, max-image-preview:large, max-video-preview:-1\" \/>\n<link rel=\"canonical\" href=\"https:\/\/farmaciamaitecosta.com\/politica-de-privacitat\/\" \/>\n<meta property=\"og:locale\" content=\"es_ES\" \/>\n<meta property=\"og:type\" content=\"article\" \/>\n<meta property=\"og:title\" content=\"Pol\u00edtica de privacidad - Farm\u00e0cia Maite Costa a Calders\" \/>\n<meta property=\"og:description\" content=\"Farm\u00e0cia Maite Costa Farm\u00e0cia Maite Costa se compromete a proteger la privacidad de los usuarios que acceden a esta web y\/o cualquier de sus servicios. La utilitzaci\u00f3n de la web y\/o de cualquiera de los servicios ofrecidos por Farm\u00e0cia Maite Costa implica la aceptaci\u00f3n por el usuario de las disposiciones contenidas en la presente Pol\u00edtica [&hellip;]\" \/>\n<meta property=\"og:url\" content=\"https:\/\/farmaciamaitecosta.com\/politica-de-privacitat\/\" \/>\n<meta property=\"og:site_name\" content=\"Farm\u00e0cia Maite Costa a Calders\" \/>\n<meta property=\"article:modified_time\" content=\"2023-08-03T09:56:18+00:00\" \/>\n<meta name=\"twitter:card\" content=\"summary_large_image\" \/>\n<meta name=\"twitter:label1\" content=\"Tiempo de lectura\" \/>\n\t<meta name=\"twitter:data1\" content=\"7 minutos\" \/>\n<script type=\"application\/ld+json\" class=\"yoast-schema-graph\">{\"@context\":\"https:\/\/schema.org\",\"@graph\":[{\"@type\":\"WebPage\",\"@id\":\"https:\/\/farmaciamaitecosta.com\/politica-de-privacitat\/\",\"url\":\"https:\/\/farmaciamaitecosta.com\/politica-de-privacitat\/\",\"name\":\"Pol\u00edtica de privacidad - Farm\u00e0cia Maite Costa a Calders\",\"isPartOf\":{\"@id\":\"https:\/\/farmaciamaitecosta.com\/#website\"},\"datePublished\":\"2022-11-16T09:45:09+00:00\",\"dateModified\":\"2023-08-03T09:56:18+00:00\",\"breadcrumb\":{\"@id\":\"https:\/\/farmaciamaitecosta.com\/politica-de-privacitat\/#breadcrumb\"},\"inLanguage\":\"es\",\"potentialAction\":[{\"@type\":\"ReadAction\",\"target\":[\"https:\/\/farmaciamaitecosta.com\/politica-de-privacitat\/\"]}]},{\"@type\":\"BreadcrumbList\",\"@id\":\"https:\/\/farmaciamaitecosta.com\/politica-de-privacitat\/#breadcrumb\",\"itemListElement\":[{\"@type\":\"ListItem\",\"position\":1,\"name\":\"Portada\",\"item\":\"https:\/\/farmaciamaitecosta.com\/es\/inicio\/\"},{\"@type\":\"ListItem\",\"position\":2,\"name\":\"Pol\u00edtica de privacidad\"}]},{\"@type\":\"WebSite\",\"@id\":\"https:\/\/farmaciamaitecosta.com\/#website\",\"url\":\"https:\/\/farmaciamaitecosta.com\/\",\"name\":\"Farm\u00e0cia Maite Costa a Calders\",\"description\":\"La teva farm\u00e0cia a Calders\",\"publisher\":{\"@id\":\"https:\/\/farmaciamaitecosta.com\/#organization\"},\"potentialAction\":[{\"@type\":\"SearchAction\",\"target\":{\"@type\":\"EntryPoint\",\"urlTemplate\":\"https:\/\/farmaciamaitecosta.com\/?s={search_term_string}\"},\"query-input\":{\"@type\":\"PropertyValueSpecification\",\"valueRequired\":true,\"valueName\":\"search_term_string\"}}],\"inLanguage\":\"es\"},{\"@type\":\"Organization\",\"@id\":\"https:\/\/farmaciamaitecosta.com\/#organization\",\"name\":\"Farm\u00e0cia Maite Costa a Calders\",\"url\":\"https:\/\/farmaciamaitecosta.com\/\",\"logo\":{\"@type\":\"ImageObject\",\"inLanguage\":\"es\",\"@id\":\"https:\/\/farmaciamaitecosta.com\/#\/schema\/logo\/image\/\",\"url\":\"https:\/\/farmaciamaitecosta.com\/wp-content\/uploads\/2023\/07\/cropped-LOGO_FARMACIA_MAITECOSTASABATA-V5-09.png\",\"contentUrl\":\"https:\/\/farmaciamaitecosta.com\/wp-content\/uploads\/2023\/07\/cropped-LOGO_FARMACIA_MAITECOSTASABATA-V5-09.png\",\"width\":596,\"height\":170,\"caption\":\"Farm\u00e0cia Maite Costa a Calders\"},\"image\":{\"@id\":\"https:\/\/farmaciamaitecosta.com\/#\/schema\/logo\/image\/\"}}]}<\/script>\n<!-- \/ Yoast SEO plugin. -->","yoast_head_json":{"title":"Pol\u00edtica de privacidad - Farm\u00e0cia Maite Costa a Calders","robots":{"index":"index","follow":"follow","max-snippet":"max-snippet:-1","max-image-preview":"max-image-preview:large","max-video-preview":"max-video-preview:-1"},"canonical":"https:\/\/farmaciamaitecosta.com\/politica-de-privacitat\/","og_locale":"es_ES","og_type":"article","og_title":"Pol\u00edtica de privacidad - Farm\u00e0cia Maite Costa a Calders","og_description":"Farm\u00e0cia Maite Costa Farm\u00e0cia Maite Costa se compromete a proteger la privacidad de los usuarios que acceden a esta web y\/o cualquier de sus servicios. La utilitzaci\u00f3n de la web y\/o de cualquiera de los servicios ofrecidos por Farm\u00e0cia Maite Costa implica la aceptaci\u00f3n por el usuario de las disposiciones contenidas en la presente Pol\u00edtica [&hellip;]","og_url":"https:\/\/farmaciamaitecosta.com\/politica-de-privacitat\/","og_site_name":"Farm\u00e0cia Maite Costa a Calders","article_modified_time":"2023-08-03T09:56:18+00:00","twitter_card":"summary_large_image","twitter_misc":{"Tiempo de lectura":"7 minutos"},"schema":{"@context":"https:\/\/schema.org","@graph":[{"@type":"WebPage","@id":"https:\/\/farmaciamaitecosta.com\/politica-de-privacitat\/","url":"https:\/\/farmaciamaitecosta.com\/politica-de-privacitat\/","name":"Pol\u00edtica de privacidad - Farm\u00e0cia Maite Costa a Calders","isPartOf":{"@id":"https:\/\/farmaciamaitecosta.com\/#website"},"datePublished":"2022-11-16T09:45:09+00:00","dateModified":"2023-08-03T09:56:18+00:00","breadcrumb":{"@id":"https:\/\/farmaciamaitecosta.com\/politica-de-privacitat\/#breadcrumb"},"inLanguage":"es","potentialAction":[{"@type":"ReadAction","target":["https:\/\/farmaciamaitecosta.com\/politica-de-privacitat\/"]}]},{"@type":"BreadcrumbList","@id":"https:\/\/farmaciamaitecosta.com\/politica-de-privacitat\/#breadcrumb","itemListElement":[{"@type":"ListItem","position":1,"name":"Portada","item":"https:\/\/farmaciamaitecosta.com\/es\/inicio\/"},{"@type":"ListItem","position":2,"name":"Pol\u00edtica de privacidad"}]},{"@type":"WebSite","@id":"https:\/\/farmaciamaitecosta.com\/#website","url":"https:\/\/farmaciamaitecosta.com\/","name":"Farm\u00e0cia Maite Costa a Calders","description":"La teva farm\u00e0cia a Calders","publisher":{"@id":"https:\/\/farmaciamaitecosta.com\/#organization"},"potentialAction":[{"@type":"SearchAction","target":{"@type":"EntryPoint","urlTemplate":"https:\/\/farmaciamaitecosta.com\/?s={search_term_string}"},"query-input":{"@type":"PropertyValueSpecification","valueRequired":true,"valueName":"search_term_string"}}],"inLanguage":"es"},{"@type":"Organization","@id":"https:\/\/farmaciamaitecosta.com\/#organization","name":"Farm\u00e0cia Maite Costa a Calders","url":"https:\/\/farmaciamaitecosta.com\/","logo":{"@type":"ImageObject","inLanguage":"es","@id":"https:\/\/farmaciamaitecosta.com\/#\/schema\/logo\/image\/","url":"https:\/\/farmaciamaitecosta.com\/wp-content\/uploads\/2023\/07\/cropped-LOGO_FARMACIA_MAITECOSTASABATA-V5-09.png","contentUrl":"https:\/\/farmaciamaitecosta.com\/wp-content\/uploads\/2023\/07\/cropped-LOGO_FARMACIA_MAITECOSTASABATA-V5-09.png","width":596,"height":170,"caption":"Farm\u00e0cia Maite Costa a Calders"},"image":{"@id":"https:\/\/farmaciamaitecosta.com\/#\/schema\/logo\/image\/"}}]}},"_links":{"self":[{"href":"https:\/\/farmaciamaitecosta.com\/es\/wp-json\/wp\/v2\/pages\/1108"}],"collection":[{"href":"https:\/\/farmaciamaitecosta.com\/es\/wp-json\/wp\/v2\/pages"}],"about":[{"href":"https:\/\/farmaciamaitecosta.com\/es\/wp-json\/wp\/v2\/types\/page"}],"author":[{"embeddable":true,"href":"https:\/\/farmaciamaitecosta.com\/es\/wp-json\/wp\/v2\/users\/1"}],"replies":[{"embeddable":true,"href":"https:\/\/farmaciamaitecosta.com\/es\/wp-json\/wp\/v2\/comments?post=1108"}],"version-history":[{"count":1,"href":"https:\/\/farmaciamaitecosta.com\/es\/wp-json\/wp\/v2\/pages\/1108\/revisions"}],"predecessor-version":[{"id":1109,"href":"https:\/\/farmaciamaitecosta.com\/es\/wp-json\/wp\/v2\/pages\/1108\/revisions\/1109"}],"wp:attachment":[{"href":"https:\/\/farmaciamaitecosta.com\/es\/wp-json\/wp\/v2\/media?parent=1108"}],"curies":[{"name":"wp","href":"https:\/\/api.w.org\/{rel}","templated":true}]}}