{"id":768,"date":"2022-11-16T09:43:18","date_gmt":"2022-11-16T09:43:18","guid":{"rendered":"https:\/\/farmaciamaitecosta.com\/?page_id=768"},"modified":"2023-08-03T10:15:14","modified_gmt":"2023-08-03T10:15:14","slug":"aviso-legal","status":"publish","type":"page","link":"https:\/\/farmaciamaitecosta.com\/es\/aviso-legal\/","title":{"rendered":"Aviso legal"},"content":{"rendered":"\t\t<div data-elementor-type=\"wp-page\" data-elementor-id=\"768\" class=\"elementor elementor-768 elementor-11\" data-elementor-post-type=\"page\">\n\t\t\t\t\t\t<section class=\"elementor-section elementor-top-section elementor-element elementor-element-b2e7889 elementor-section-boxed elementor-section-height-default elementor-section-height-default\" data-id=\"b2e7889\" data-element_type=\"section\">\n\t\t\t\t\t\t<div class=\"elementor-container elementor-column-gap-default\">\n\t\t\t\t\t<div class=\"elementor-column elementor-col-100 elementor-top-column elementor-element elementor-element-de96246\" data-id=\"de96246\" data-element_type=\"column\">\n\t\t\t<div class=\"elementor-widget-wrap elementor-element-populated\">\n\t\t\t\t\t\t<div class=\"elementor-element elementor-element-c5e39b0 elementor-widget elementor-widget-text-editor\" data-id=\"c5e39b0\" data-element_type=\"widget\" data-widget_type=\"text-editor.default\">\n\t\t\t\t<div class=\"elementor-widget-container\">\n\t\t\t\t\t\t\t\t\t<div class=\"elementor-element elementor-element-8a66503 elementor-widget elementor-widget-heading\" data-id=\"8a66503\" data-element_type=\"widget\" data-widget_type=\"heading.default\">\n<div class=\"elementor-widget-container\">\n<h2 class=\"elementor-heading-title elementor-size-default\">Farm\u00e0cia Maite Costa<\/h2>\n<\/div>\n<\/div>\n<div class=\"elementor-element elementor-element-9820803 elementor-widget elementor-widget-text-editor\" data-id=\"9820803\" data-element_type=\"widget\" data-widget_type=\"text-editor.default\">\n<div class=\"elementor-widget-container\">\n<p><b>Informaci\u00f3n de conformidad con el art\u00edculo 10 de la LSSI<\/b><\/p>\n<p><b>La titular de esta web es:<\/b><\/p>\n<p>Identidad: Farm\u00e0cia Maite Costa<\/p>\n<p>NIF: 39365341J<\/p>\n<p>Direcci\u00f3n: C\/ Pa\u00efsos Catalans 11 - 08275 - Calders (Barcelona)<\/p>\n<p>Tel.: Tel\u00e8fon: 938 309 238<\/p>\n<p>Email: <span id=\"eeb-939248-163482\">info@farmaciamaitecosta..com<\/span><\/p>\n<p><b>Condiciones de uso<\/b><\/p>\n<p>El uso de esta web implica la aceptaci\u00f3n plena de los t\u00e9rminos y condiciones del presente aviso legal. Los posibles conflictos relativos a esta web se regir\u00e1n exclusivamente por el derecho del Estado espa\u00f1ol. Toda persona usuaria de la web, independientemente de la jurisdicci\u00f3n territorial desde la que se produzca su acceso, acepta el cumplimiento y respeto de estas cl\u00e1usulas con renuncia expresa a cualquier otro fuero que pudiera corresponderle.<\/p>\n<p><b>Propiedad intelectual e industrial<\/b><\/p>\n<p>La totalidad del contenido de este sitio web, ya sean textos, im\u00e1genes, sonidos, marcas, logotipos u otros elementos, as\u00ed como subestructura, dise\u00f1o, combinaciones de colores o forma de presentaci\u00f3n de los materiales, est\u00e1n protegidos por derechos de propiedad industrial e intelectual que el usuario de este sitio web debe respetar. No es l\u00edcita su transformaci\u00f3n o alteraci\u00f3n, comunicaci\u00f3n p\u00fablica o cualquier otra forma de explotaci\u00f3n por cualquier procedimiento sin la autorizaci\u00f3n expresa de Farm\u00e0cia Maite Costa<\/p>\n<p><b>Responsabilidad sobre los contenidos<\/b><\/p>\n<p>Aunque Farm\u00e0cia Maite Costa act\u00faa con la m\u00e1xima diligencia posible, puede darse el caso de que alg\u00fan dato o informaci\u00f3n no est\u00e9 del todo actualizada en el momento que el usuario del sitio web lo consulte. Por ello, las informaciones que se presentan en esta web tienen una funci\u00f3n orientativa y no obligan a Farm\u00e0cia Maite Costa<\/p>\n<p>Farm\u00e0cia Maite Costa no ser\u00e1 responsable de la informaci\u00f3n que se pueda obtener a trav\u00e9s de enlaces incluidos en su web.<\/p>\n<p>Farm\u00e0cia Maite Costa se reserva la facultad de realizar, en cualquier momento y sin necesidad de preaviso, modificaciones o actualizaciones de la informaci\u00f3n y de cualquiera de los elementos que integren el dise\u00f1o y configuraci\u00f3n de la p\u00e1gina web.<\/p>\n<p><b>Ley aplicable y jurisdicci\u00f3n:<\/b><\/p>\n<p>El uso de este sitio web implica la aceptaci\u00f3n plena de los t\u00e9rminos y condiciones de la presente pol\u00edtica legal. Los posibles conflictos relativos a esta web se regir\u00e1n exclusivamente por la legislaci\u00f3n espa\u00f1ola, siendo competentes los Juzgados y Tribunales espa\u00f1oles para conocer de cuantas cuestiones se susciten sobre ella. El usuario, por virtud de su aceptaci\u00f3n renuncia expresamente a cualquier fuero que por aplicaci\u00f3n de la Ley de Enjuiciamiento Civil vigente pudiera corresponderle.<\/p>\n<\/div>\n<\/div>\n\t\t\t\t\t\t\t\t<\/div>\n\t\t\t\t<\/div>\n\t\t\t\t\t<\/div>\n\t\t<\/div>\n\t\t\t\t\t<\/div>\n\t\t<\/section>\n\t\t\t\t<\/div>\n\t\t","protected":false},"excerpt":{"rendered":"<p>Farm\u00e0cia Maite Costa Informaci\u00f3n de conformidad con el art\u00edculo 10 de la LSSI La titular de esta web es: Identidad: Farm\u00e0cia Maite Costa NIF: 39365341J Direcci\u00f3n: C\/ Pa\u00efsos Catalans 11 &#8211; 08275 &#8211; Calders (Barcelona) Tel.: Tel\u00e8fon: 938 309 238 Email: info@farmaciamaitecosta..com Condiciones de uso El uso de esta web implica la aceptaci\u00f3n plena de [&hellip;]<\/p>\n","protected":false},"author":1,"featured_media":0,"parent":0,"menu_order":0,"comment_status":"closed","ping_status":"closed","template":"","meta":{"footnotes":""},"class_list":["post-768","page","type-page","status-publish","hentry"],"yoast_head":"<!-- This site is optimized with the Yoast SEO plugin v25.6 - https:\/\/yoast.com\/wordpress\/plugins\/seo\/ -->\n<title>Aviso legal - Farm\u00e0cia Maite Costa a Calders<\/title>\n<meta name=\"robots\" content=\"index, follow, max-snippet:-1, max-image-preview:large, max-video-preview:-1\" \/>\n<link rel=\"canonical\" href=\"https:\/\/farmaciamaitecosta.com\/avis-legal\/\" \/>\n<meta property=\"og:locale\" content=\"es_ES\" \/>\n<meta property=\"og:type\" content=\"article\" \/>\n<meta property=\"og:title\" content=\"Aviso legal - Farm\u00e0cia Maite Costa a Calders\" \/>\n<meta property=\"og:description\" content=\"Farm\u00e0cia Maite Costa Informaci\u00f3n de conformidad con el art\u00edculo 10 de la LSSI La titular de esta web es: Identidad: Farm\u00e0cia Maite Costa NIF: 39365341J Direcci\u00f3n: C\/ Pa\u00efsos Catalans 11 &#8211; 08275 &#8211; Calders (Barcelona) Tel.: Tel\u00e8fon: 938 309 238 Email: info@farmaciamaitecosta..com Condiciones de uso El uso de esta web implica la aceptaci\u00f3n plena de [&hellip;]\" \/>\n<meta property=\"og:url\" content=\"https:\/\/farmaciamaitecosta.com\/avis-legal\/\" \/>\n<meta property=\"og:site_name\" content=\"Farm\u00e0cia Maite Costa a Calders\" \/>\n<meta property=\"article:modified_time\" content=\"2023-08-03T10:15:14+00:00\" \/>\n<meta name=\"twitter:card\" content=\"summary_large_image\" \/>\n<meta name=\"twitter:label1\" content=\"Tiempo de lectura\" \/>\n\t<meta name=\"twitter:data1\" content=\"7 minutos\" \/>\n<script type=\"application\/ld+json\" class=\"yoast-schema-graph\">{\"@context\":\"https:\/\/schema.org\",\"@graph\":[{\"@type\":\"WebPage\",\"@id\":\"https:\/\/farmaciamaitecosta.com\/avis-legal\/\",\"url\":\"https:\/\/farmaciamaitecosta.com\/avis-legal\/\",\"name\":\"Aviso legal - Farm\u00e0cia Maite Costa a Calders\",\"isPartOf\":{\"@id\":\"https:\/\/farmaciamaitecosta.com\/#website\"},\"datePublished\":\"2022-11-16T09:43:18+00:00\",\"dateModified\":\"2023-08-03T10:15:14+00:00\",\"breadcrumb\":{\"@id\":\"https:\/\/farmaciamaitecosta.com\/avis-legal\/#breadcrumb\"},\"inLanguage\":\"es\",\"potentialAction\":[{\"@type\":\"ReadAction\",\"target\":[\"https:\/\/farmaciamaitecosta.com\/avis-legal\/\"]}]},{\"@type\":\"BreadcrumbList\",\"@id\":\"https:\/\/farmaciamaitecosta.com\/avis-legal\/#breadcrumb\",\"itemListElement\":[{\"@type\":\"ListItem\",\"position\":1,\"name\":\"Portada\",\"item\":\"https:\/\/farmaciamaitecosta.com\/es\/inicio\/\"},{\"@type\":\"ListItem\",\"position\":2,\"name\":\"Aviso legal\"}]},{\"@type\":\"WebSite\",\"@id\":\"https:\/\/farmaciamaitecosta.com\/#website\",\"url\":\"https:\/\/farmaciamaitecosta.com\/\",\"name\":\"Farm\u00e0cia Maite Costa a Calders\",\"description\":\"La teva farm\u00e0cia a Calders\",\"publisher\":{\"@id\":\"https:\/\/farmaciamaitecosta.com\/#organization\"},\"potentialAction\":[{\"@type\":\"SearchAction\",\"target\":{\"@type\":\"EntryPoint\",\"urlTemplate\":\"https:\/\/farmaciamaitecosta.com\/?s={search_term_string}\"},\"query-input\":{\"@type\":\"PropertyValueSpecification\",\"valueRequired\":true,\"valueName\":\"search_term_string\"}}],\"inLanguage\":\"es\"},{\"@type\":\"Organization\",\"@id\":\"https:\/\/farmaciamaitecosta.com\/#organization\",\"name\":\"Farm\u00e0cia Maite Costa a Calders\",\"url\":\"https:\/\/farmaciamaitecosta.com\/\",\"logo\":{\"@type\":\"ImageObject\",\"inLanguage\":\"es\",\"@id\":\"https:\/\/farmaciamaitecosta.com\/#\/schema\/logo\/image\/\",\"url\":\"https:\/\/farmaciamaitecosta.com\/wp-content\/uploads\/2023\/07\/cropped-LOGO_FARMACIA_MAITECOSTASABATA-V5-09.png\",\"contentUrl\":\"https:\/\/farmaciamaitecosta.com\/wp-content\/uploads\/2023\/07\/cropped-LOGO_FARMACIA_MAITECOSTASABATA-V5-09.png\",\"width\":596,\"height\":170,\"caption\":\"Farm\u00e0cia Maite Costa a Calders\"},\"image\":{\"@id\":\"https:\/\/farmaciamaitecosta.com\/#\/schema\/logo\/image\/\"}}]}<\/script>\n<!-- \/ Yoast SEO plugin. -->","yoast_head_json":{"title":"Aviso legal - Farm\u00e0cia Maite Costa a Calders","robots":{"index":"index","follow":"follow","max-snippet":"max-snippet:-1","max-image-preview":"max-image-preview:large","max-video-preview":"max-video-preview:-1"},"canonical":"https:\/\/farmaciamaitecosta.com\/avis-legal\/","og_locale":"es_ES","og_type":"article","og_title":"Aviso legal - Farm\u00e0cia Maite Costa a Calders","og_description":"Farm\u00e0cia Maite Costa Informaci\u00f3n de conformidad con el art\u00edculo 10 de la LSSI La titular de esta web es: Identidad: Farm\u00e0cia Maite Costa NIF: 39365341J Direcci\u00f3n: C\/ Pa\u00efsos Catalans 11 &#8211; 08275 &#8211; Calders (Barcelona) Tel.: Tel\u00e8fon: 938 309 238 Email: info@farmaciamaitecosta..com Condiciones de uso El uso de esta web implica la aceptaci\u00f3n plena de [&hellip;]","og_url":"https:\/\/farmaciamaitecosta.com\/avis-legal\/","og_site_name":"Farm\u00e0cia Maite Costa a Calders","article_modified_time":"2023-08-03T10:15:14+00:00","twitter_card":"summary_large_image","twitter_misc":{"Tiempo de lectura":"7 minutos"},"schema":{"@context":"https:\/\/schema.org","@graph":[{"@type":"WebPage","@id":"https:\/\/farmaciamaitecosta.com\/avis-legal\/","url":"https:\/\/farmaciamaitecosta.com\/avis-legal\/","name":"Aviso legal - Farm\u00e0cia Maite Costa a Calders","isPartOf":{"@id":"https:\/\/farmaciamaitecosta.com\/#website"},"datePublished":"2022-11-16T09:43:18+00:00","dateModified":"2023-08-03T10:15:14+00:00","breadcrumb":{"@id":"https:\/\/farmaciamaitecosta.com\/avis-legal\/#breadcrumb"},"inLanguage":"es","potentialAction":[{"@type":"ReadAction","target":["https:\/\/farmaciamaitecosta.com\/avis-legal\/"]}]},{"@type":"BreadcrumbList","@id":"https:\/\/farmaciamaitecosta.com\/avis-legal\/#breadcrumb","itemListElement":[{"@type":"ListItem","position":1,"name":"Portada","item":"https:\/\/farmaciamaitecosta.com\/es\/inicio\/"},{"@type":"ListItem","position":2,"name":"Aviso legal"}]},{"@type":"WebSite","@id":"https:\/\/farmaciamaitecosta.com\/#website","url":"https:\/\/farmaciamaitecosta.com\/","name":"Farm\u00e0cia Maite Costa a Calders","description":"La teva farm\u00e0cia a Calders","publisher":{"@id":"https:\/\/farmaciamaitecosta.com\/#organization"},"potentialAction":[{"@type":"SearchAction","target":{"@type":"EntryPoint","urlTemplate":"https:\/\/farmaciamaitecosta.com\/?s={search_term_string}"},"query-input":{"@type":"PropertyValueSpecification","valueRequired":true,"valueName":"search_term_string"}}],"inLanguage":"es"},{"@type":"Organization","@id":"https:\/\/farmaciamaitecosta.com\/#organization","name":"Farm\u00e0cia Maite Costa a Calders","url":"https:\/\/farmaciamaitecosta.com\/","logo":{"@type":"ImageObject","inLanguage":"es","@id":"https:\/\/farmaciamaitecosta.com\/#\/schema\/logo\/image\/","url":"https:\/\/farmaciamaitecosta.com\/wp-content\/uploads\/2023\/07\/cropped-LOGO_FARMACIA_MAITECOSTASABATA-V5-09.png","contentUrl":"https:\/\/farmaciamaitecosta.com\/wp-content\/uploads\/2023\/07\/cropped-LOGO_FARMACIA_MAITECOSTASABATA-V5-09.png","width":596,"height":170,"caption":"Farm\u00e0cia Maite Costa a Calders"},"image":{"@id":"https:\/\/farmaciamaitecosta.com\/#\/schema\/logo\/image\/"}}]}},"_links":{"self":[{"href":"https:\/\/farmaciamaitecosta.com\/es\/wp-json\/wp\/v2\/pages\/768"}],"collection":[{"href":"https:\/\/farmaciamaitecosta.com\/es\/wp-json\/wp\/v2\/pages"}],"about":[{"href":"https:\/\/farmaciamaitecosta.com\/es\/wp-json\/wp\/v2\/types\/page"}],"author":[{"embeddable":true,"href":"https:\/\/farmaciamaitecosta.com\/es\/wp-json\/wp\/v2\/users\/1"}],"replies":[{"embeddable":true,"href":"https:\/\/farmaciamaitecosta.com\/es\/wp-json\/wp\/v2\/comments?post=768"}],"version-history":[{"count":9,"href":"https:\/\/farmaciamaitecosta.com\/es\/wp-json\/wp\/v2\/pages\/768\/revisions"}],"predecessor-version":[{"id":1126,"href":"https:\/\/farmaciamaitecosta.com\/es\/wp-json\/wp\/v2\/pages\/768\/revisions\/1126"}],"wp:attachment":[{"href":"https:\/\/farmaciamaitecosta.com\/es\/wp-json\/wp\/v2\/media?parent=768"}],"curies":[{"name":"wp","href":"https:\/\/api.w.org\/{rel}","templated":true}]}}