{"id":842,"date":"2022-11-16T09:44:18","date_gmt":"2022-11-16T09:44:18","guid":{"rendered":"https:\/\/farmaciamaitecosta.com\/politica-de-cookies\/"},"modified":"2023-08-03T10:29:42","modified_gmt":"2023-08-03T10:29:42","slug":"politica-de-cookies","status":"publish","type":"page","link":"https:\/\/farmaciamaitecosta.com\/es\/politica-de-cookies\/","title":{"rendered":"Pol\u00edtica de cookies"},"content":{"rendered":"\t\t<div data-elementor-type=\"wp-page\" data-elementor-id=\"842\" class=\"elementor elementor-842 elementor-16\" data-elementor-post-type=\"page\">\n\t\t\t\t\t\t<section class=\"elementor-section elementor-top-section elementor-element elementor-element-5b9f8fd elementor-section-boxed elementor-section-height-default elementor-section-height-default\" data-id=\"5b9f8fd\" data-element_type=\"section\">\n\t\t\t\t\t\t<div class=\"elementor-container elementor-column-gap-default\">\n\t\t\t\t\t<div class=\"elementor-column elementor-col-100 elementor-top-column elementor-element elementor-element-8fef5b5\" data-id=\"8fef5b5\" data-element_type=\"column\">\n\t\t\t<div class=\"elementor-widget-wrap elementor-element-populated\">\n\t\t\t\t\t\t<div class=\"elementor-element elementor-element-1ab84df elementor-widget elementor-widget-text-editor\" data-id=\"1ab84df\" data-element_type=\"widget\" data-widget_type=\"text-editor.default\">\n\t\t\t\t<div class=\"elementor-widget-container\">\n\t\t\t\t\t\t\t\t\t<div class=\"elementor-element elementor-element-c99dbc0 elementor-widget elementor-widget-heading\" data-id=\"c99dbc0\" data-element_type=\"widget\" data-widget_type=\"heading.default\">\n<div class=\"elementor-widget-container\">\n<div class=\"elementor-element elementor-element-21d4550 elementor-widget elementor-widget-heading\" data-id=\"21d4550\" data-element_type=\"widget\" data-widget_type=\"heading.default\">\n<div class=\"elementor-widget-container\">\n<div class=\"elementor-element elementor-element-c99dbc0 elementor-widget elementor-widget-heading\" data-id=\"c99dbc0\" data-element_type=\"widget\" data-widget_type=\"heading.default\">\n<div class=\"elementor-widget-container\">\n<h2 class=\"elementor-heading-title elementor-size-default\">Farm\u00e0cia Maite Costa<\/h2>\n<\/div>\n<\/div>\n<\/div>\n<\/div>\n<div class=\"elementor-element elementor-element-24ba76c elementor-widget elementor-widget-text-editor\" data-id=\"24ba76c\" data-element_type=\"widget\" data-widget_type=\"text-editor.default\">\n<div class=\"elementor-widget-container\">\n<p>Nuestro sitio web utilitza una tecnologia llamada \u201ccookie\u201d, con la finalidad de poder obtener informaci\u00f3n sobre el uso del sitio web, mejorar la experiencia de el usuario y garantizar su correcto funcionamento.<\/p>\n<p><b>Definici\u00f3n de Cookie<\/b><\/p>\n<p>Una \u201ccookie\u201d es un peque\u00f1o fragmento de texto que los sitios web envian al navegador y que se almacenan en la terminal de el usuario, (ordenador o dispositivo m\u00f3vil). Estos arxivos tienen la finalidad de almacenar datos que podran ser actualitzados y recuperados por la entidad responsable de su instalaci\u00f3n. As\u00ed, cada vez que el usuario vuelve a visitar el mismo sitio web, el explorador recupera el arxivo y lo envia al servidor de el sitio web. Las cookies tienen diversas funciones entre las que incluyen, la de recoger informaci\u00f3n sobre les preferencias de el usuario y recordarle, y en general, facilitar el uso de el sitio web a el usuario haciendo que el sitio sea m\u00e1s \u00fatil al personalizar su contenido.<\/p>\n<p>Las cookies se pueden classificar en base a diferentes par\u00e1metros:<\/p>\n<p><b>1.- Titularidad:<\/b> cookies pr\u00f3pias y cookies de terceros: dependiendo de cu\u00e1l sea la entidad que gestione el dominio desde donde se envien las cookies y se traten los datos que se obtengan.<\/p>\n<p><b>2.- Duraci\u00f3n:<\/b> cookies de sessi\u00f3n y cookies persistentes: de acuerdo con el terminio de tiempo que permanecen almacenadas a la terminal de el usuario.<\/p>\n<p><b>3.- Finalidad:<\/b> cookies t\u00e9cnicas, cookies de personalizaci\u00f3n, cookies de an\u00e1lisis, cookies publicitarias, cookies de publicidad comportamental: de acuerdo con la finalidad para la cual se traten los datos obtenidos. <\/p>\n<ul>\n<li aria-level=\"1\">Cookies t\u00e9cnicas: Son esas que permiten al usuario la navegaci\u00f3n a trav\u00e9s de la p\u00e1gina web o aplicaci\u00f3n y la utilitzaci\u00f3n de las diferentes opciones o servicios que en ella existen. Por ejemplo, controlar el tr\u00e1nsito y la comunicaci\u00f3n de datos, identificar la sessi\u00f3n o acceder a les partes web de acceso restringido. <\/li>\n<li aria-level=\"1\">Cookies de personalitzaci\u00f3n: Son aquellas que permiten al usuario acceder al servicio con algunas caracter\u00edsticas de car\u00e1cter general predefinidas en su terminal o que el propio usuario defina. Por ejemplo, el idioma, el tipo de navegador a trav\u00e9s del cual accede al servicio o el disse\u00f1o de contenidos seleccionado.<\/li>\n<li aria-level=\"1\">Cookies de an\u00e1lisis: Son aquellas que o bien tratadas por nosotros o por terceros, nos permiten cuantificar el nombre de usuarios y as\u00ed realizar el an\u00e1lisis estad\u00edstico de la utilitzaci\u00f3n que hacen los usuarios del servicio ofrecido. Por esto se analiza su navegaci\u00f3n en nuestra p\u00e1gina web por tal de mejorar la oferta de productos o servicios que le ofrecemos.<\/li>\n<li aria-level=\"1\">Cookies publicitarias: Son aquellas que permiten la gesti\u00f3n, de la forma m\u00e1s eficaz posible, de los espacios publicitarios que, si procede, el editor haya incluido en una p\u00e1gina web, aplicaci\u00f3n o plataforma desde la cual presta el servicio solicitado sobre la base de criterios como el contenido editado o la frecuencia en la cual se muestran los anuncios.<\/li>\n<li aria-level=\"1\">Cookies de publicidad comportamental: Son aquellas que permiten la gesti\u00f3n, de la manera m\u00e1s eficaz posible, de los espacios publicitarios que, si procede, el editor haya incluido en una p\u00e1gina web, aplicaci\u00f3n o plataforma desde la que presta el servicio solicitado. Estas cookies almacenan informaci\u00f3n del comportamiento de los usuarios obtenida a trav\u00e9s de la observaci\u00f3n continuada de sus h\u00e1bitos de navegaci\u00f3n, lo que permite desarrollar un perfil espec\u00edfico para mostrar publicidad en funci\u00f3n del mismo.<\/li>\n<\/ul>\n<p><b>Cookies utilitzadas en nuestro sitio web<\/b><\/p>\n<p>Nuestro sitio web utilitza tanto cookies propias, que son las enviadas en su ordenador y gestionadas exclusivamente por nosaltres para el mejor funcionamento del sitio web, como cookies de terceros, con la funci\u00f3n de servir para la interacci\u00f3n de los usuarios con nosotros.<\/p>\n<p>Nuestro sitio web utiliza tanto cookies temporales de sessi\u00f3n como cookies persistentes. Las cookies de sessi\u00f3n almacenan datos \u00fanicamente mientras el usuario accede a la web y las cookies persistentes almacenan los datos en la terminal porque sean accedidas y utilitzadas en m\u00e1s de una sessi\u00f3n.<\/p>\n<p>Concretamente las cookies utilitzadas en nuestro sitio web son:<\/p>\n<p><b>Cookies propias:<\/b><\/p>\n<p>Las cookies propias que utilizamos en nuestro sitio web son de car\u00e1cter t\u00e9cnico referentes a la programaci\u00f3n y la seguridad de la navegaci\u00f3n, fundamentales para el funcionamiento de la web, y tambien de personalizaci\u00f3n para recordar la elecci\u00f3n del idioma de navegaci\u00f3n.<\/p>\n<p><b>Cookies de terceros:<\/b><\/p>\n<table>\n<tbody>\n<tr>\n<td>\n<p><b>Nombre<\/b><\/p>\n<\/td>\n<td>\n<p><b>Titular<\/b><\/p>\n<\/td>\n<td>\n<p><b>Finalidad<\/b><\/p>\n<\/td>\n<td>\n<p><b>Duraci\u00f3n<\/b><\/p>\n<\/td>\n<\/tr>\n<tr>\n<td>\n<p>_ga<\/p>\n<p>_gid <\/p>\n<p>_gat<\/p>\n<\/td>\n<td>\n<p><a href=\"https:\/\/developers.google.com\/analytics\/devguides\/collection\/analyticsjs\/cookie-usage?hl=es\">Google LLC.<\/a><\/p>\n<p>(Google Analytics)<\/p>\n<\/td>\n<td>\n<p><b>Anal\u00edticas:<\/b><\/p>\n<ul>\n<li aria-level=\"1\">Generar un identificador de usuario \u00fanico, que es el que se utilitza para hacer recuento de cuantes veces visita el sitio un usuario, as\u00ed como la data de la primera y la \u00faltima vez que visit\u00f3 la web. <\/li>\n<li aria-level=\"1\">Registrar la data y hora de acceso. <\/li>\n<li aria-level=\"1\">Comprobar la necessidad de mantener la sessi\u00f3n de un usuario abierta o crear una nueva. <\/li>\n<li aria-level=\"1\">Identificar la sessi\u00f3n del usuario, para recoger la ubicaci\u00f3n geogr\u00e1fica aproximada del ordenador que accede a la web con efectos estad\u00edsticos.<\/li>\n<\/ul>\n<\/td>\n<td>\n<p>_ga: 2 a\u00f1os <\/p>\n<p>_gid: 24 horas <\/p>\n<p> _gat: 1 minuto<\/p>\n<\/td>\n<\/tr>\n<tr>\n<td>\n<p>NID<\/p>\n<\/td>\n<td>\n<p><a href=\"https:\/\/www.google.es\/intl\/es\/policies\/technologies\/types\/\">Google LLC.<\/a><\/p>\n<\/td>\n<td>\n<ul>\n<li aria-level=\"1\">Almacenan preferencias del usuario <\/li>\n<\/ul>\n<\/td>\n<td>\n<p>NID: 6 meses<\/p>\n<\/td>\n<\/tr>\n<tr>\n<td>\n<p>IDE<\/p>\n<\/td>\n<td>\n<p><a href=\"https:\/\/www.google.es\/intl\/es\/policies\/technologies\/types\/\">Google LLC.<\/a><\/p>\n<p>(doubledlick.net)<\/p>\n<\/td>\n<td>\n<ul>\n<li aria-level=\"1\">Utilitzado por Google DoubleClick para registrar las acciones del usuario del sitio web despu\u00e9s de ver o hacer clic en uno de los anuncios del anunciante con la finalidad de medir la eficacia de un anuncio y presentar anuncios dirigidos al usuario.<\/li>\n<\/ul>\n<\/td>\n<td>\n<p>1 a\u00f1o<\/p>\n<\/td>\n<\/tr>\n<tr>\n<td>\n<p>VISITOR_INFO1_LIVE<\/p>\n<p>YSC<\/p>\n<p>CONSENT<\/p>\n<\/td>\n<td>\n<p><a href=\"https:\/\/www.google.es\/intl\/es\/policies\/technologies\/types\/\">Google LLC..<\/a><\/p>\n<p>(Youtube)<\/p>\n<\/td>\n<td>\n<ul>\n<li aria-level=\"1\">Almacenar preferencias del usuario, identificarlo durante la visualitzaci\u00f3n de los v\u00eddeos de youtube, y personalizar anuncios.<\/li>\n<\/ul>\n<\/td>\n<td>\n<p>VISITOR_INFO1_LIVE: 9 mesos<\/p>\n<p>YSC: 1 minuto<\/p>\n<p>CONSENT: 17 a\u00f1os<\/p>\n<\/td>\n<\/tr>\n<\/tbody>\n<\/table>\n<p>Para obtener m\u00e1s informaci\u00f3n sobre las cookies de este tercero puede presionar sobre el enlace que hay a su nombre.<\/p>\n<p>Finalmente, tambien se utilitzan cookies de complemento (plug-in) para intercambiar contenidos sociales.<\/p>\n<p><b>Consentimiento<\/b><\/p>\n<p>El consentimiento para el uso de las cookies antes anunciadas, por los terminios se\u00f1alados y en las condiciones contenidas en la presente Pol\u00edtica de Cookies, se obtendr\u00e1 en la forma especificada en el aviso inicial de informaci\u00f3n sobre las cookies que se puede visualizar en el momento en que carga nuestra web. <\/p>\n<p><b>Retirada del consentimiento<\/b><\/p>\n<p>El usuario podr\u00e1 retirar en cualquier momento su consentimiento relacionado con esta Pol\u00edtica de Cookies, por esto tendr\u00e1 de eliminar las cookies almacenadas en su equipo utilizando los ajustes y configuraciones de su navegador de Internet.<\/p>\n<p><b>Mostrador de configuraci\u00f3n de las cookies<\/b><\/p>\n<p><b>Como desactivar las cookies en los principales navegadores?<\/b><\/p>\n<p>Todo y que puede variar ligeramente de una versi\u00f3n de navegador a otra, la configuraci\u00f3n de la pol\u00edtica de cookies para los navegadores m\u00e1s utilizados es la siguiente:<\/p>\n<ul>\n<li aria-level=\"1\"><b>Internet Explorer:<\/b> Herramientas -&gt; Opciones de Internet -&gt; Privacidad -&gt; Configuraci\u00f3n.<\/li>\n<li aria-level=\"1\"><b>Firefox:<\/b> Herramientas-&gt; Opciones -&gt; Privacidad -&gt; Hist\u00f3rico -&gt; Configuraci\u00f3n Personalizada.<\/li>\n<li aria-level=\"1\"><b>Chrome:<\/b> Configuraci\u00f3n -&gt; Muestra opciones avanzadas -&gt; Privacidad -&gt; Configuraci\u00f3n de contenido.<\/li>\n<li aria-level=\"1\"><b>Safari:<\/b> Preferencias -&gt; Seguridad.<\/li>\n<li aria-level=\"1\"><b>Opera:<\/b> Configuraci\u00f3n -&gt; Privacidad y seguridad.<\/li>\n<\/ul>\n<p>Para m\u00e1s informaci\u00f3n, puede consultar el suporte o la ayuda de su navegador o a trav\u00e9s de los siguintes enlaces: <a href=\"https:\/\/support.apple.com\/kb\/ph17191?locale=es_ES\"><b>Safari<\/b><\/a><b>, <\/b><a href=\"https:\/\/support.google.com\/chrome\/answer\/95647?hl=es\"><b>Chrome<\/b><\/a><b>, <\/b><a href=\"https:\/\/support.mozilla.org\/es\/kb\/habilitar-y-deshabilitar-cookies-sitios-web-rastrear-preferencias?redirectlocale=es&amp;redirectslug=habilitar-y-deshabilitar-cookies-que-los-sitios-we\"><b>Firefox<\/b><\/a><b>, <\/b><a href=\"https:\/\/support.microsoft.com\/es-es\/help\/17442\/windows-internet-explorer-delete-manage-cookies\"><b>Explorer<\/b><\/a><b>, <\/b><a href=\"http:\/\/help.opera.com\/Windows\/11.50\/es-ES\/cookies.html\"><b>Opera<\/b><\/a><b>.<\/b><\/p>\n<p>A dem\u00e1s, tambien puede gestionar el almacenage de cookies en su navegador a trav\u00e9s de herramientas como las siguientes:<\/p>\n<ul>\n<li aria-level=\"1\"><b>Your <\/b><a href=\"http:\/\/www.youronlinechoices.com\/es\/\"><b>online<\/b><\/a><b> choices<\/b><\/li>\n<li aria-level=\"1\"><a href=\"http:\/\/www.ghostery.com\/\"><b>Ghostery<\/b><\/a><\/li>\n<\/ul>\n<p><b>Actualitzaci\u00f3n de la pol\u00edtica de cookies<\/b><\/p>\n<p>Este sitio web puede modificar esta Pol\u00edtica sobre Cookies, por esto le recomendamos revisar esta pol\u00edtica cada vez que accede a nuestro sitio web por tal de estar adecuadamente informado sobre el uso que hacemos de las cookies. <\/p>\n<\/div>\n<\/div>\n<\/div>\n<\/div>\n\t\t\t\t\t\t\t\t<\/div>\n\t\t\t\t<\/div>\n\t\t\t\t\t<\/div>\n\t\t<\/div>\n\t\t\t\t\t<\/div>\n\t\t<\/section>\n\t\t\t\t<\/div>\n\t\t","protected":false},"excerpt":{"rendered":"<p>Farm\u00e0cia Maite Costa Nuestro sitio web utilitza una tecnologia llamada \u201ccookie\u201d, con la finalidad de poder obtener informaci\u00f3n sobre el uso del sitio web, mejorar la experiencia de el usuario y garantizar su correcto funcionamento. Definici\u00f3n de Cookie Una \u201ccookie\u201d es un peque\u00f1o fragmento de texto que los sitios web envian al navegador y que [&hellip;]<\/p>\n","protected":false},"author":1,"featured_media":0,"parent":0,"menu_order":0,"comment_status":"closed","ping_status":"closed","template":"","meta":{"footnotes":""},"class_list":["post-842","page","type-page","status-publish","hentry"],"yoast_head":"<!-- This site is optimized with the Yoast SEO plugin v25.6 - https:\/\/yoast.com\/wordpress\/plugins\/seo\/ -->\n<title>Pol\u00edtica de cookies - Farm\u00e0cia Maite Costa a Calders<\/title>\n<meta name=\"robots\" content=\"index, follow, max-snippet:-1, max-image-preview:large, max-video-preview:-1\" \/>\n<link rel=\"canonical\" href=\"https:\/\/farmaciamaitecosta.com\/politica-de-cookies\/\" \/>\n<meta property=\"og:locale\" content=\"es_ES\" \/>\n<meta property=\"og:type\" content=\"article\" \/>\n<meta property=\"og:title\" content=\"Pol\u00edtica de cookies - Farm\u00e0cia Maite Costa a Calders\" \/>\n<meta property=\"og:description\" content=\"Farm\u00e0cia Maite Costa Nuestro sitio web utilitza una tecnologia llamada \u201ccookie\u201d, con la finalidad de poder obtener informaci\u00f3n sobre el uso del sitio web, mejorar la experiencia de el usuario y garantizar su correcto funcionamento. Definici\u00f3n de Cookie Una \u201ccookie\u201d es un peque\u00f1o fragmento de texto que los sitios web envian al navegador y que [&hellip;]\" \/>\n<meta property=\"og:url\" content=\"https:\/\/farmaciamaitecosta.com\/politica-de-cookies\/\" \/>\n<meta property=\"og:site_name\" content=\"Farm\u00e0cia Maite Costa a Calders\" \/>\n<meta property=\"article:modified_time\" content=\"2023-08-03T10:29:42+00:00\" \/>\n<meta name=\"twitter:card\" content=\"summary_large_image\" \/>\n<meta name=\"twitter:label1\" content=\"Tiempo de lectura\" \/>\n\t<meta name=\"twitter:data1\" content=\"7 minutos\" \/>\n<script type=\"application\/ld+json\" class=\"yoast-schema-graph\">{\"@context\":\"https:\/\/schema.org\",\"@graph\":[{\"@type\":\"WebPage\",\"@id\":\"https:\/\/farmaciamaitecosta.com\/politica-de-cookies\/\",\"url\":\"https:\/\/farmaciamaitecosta.com\/politica-de-cookies\/\",\"name\":\"Pol\u00edtica de cookies - Farm\u00e0cia Maite Costa a Calders\",\"isPartOf\":{\"@id\":\"https:\/\/farmaciamaitecosta.com\/#website\"},\"datePublished\":\"2022-11-16T09:44:18+00:00\",\"dateModified\":\"2023-08-03T10:29:42+00:00\",\"breadcrumb\":{\"@id\":\"https:\/\/farmaciamaitecosta.com\/politica-de-cookies\/#breadcrumb\"},\"inLanguage\":\"es\",\"potentialAction\":[{\"@type\":\"ReadAction\",\"target\":[\"https:\/\/farmaciamaitecosta.com\/politica-de-cookies\/\"]}]},{\"@type\":\"BreadcrumbList\",\"@id\":\"https:\/\/farmaciamaitecosta.com\/politica-de-cookies\/#breadcrumb\",\"itemListElement\":[{\"@type\":\"ListItem\",\"position\":1,\"name\":\"Portada\",\"item\":\"https:\/\/farmaciamaitecosta.com\/es\/inicio\/\"},{\"@type\":\"ListItem\",\"position\":2,\"name\":\"Pol\u00edtica de cookies\"}]},{\"@type\":\"WebSite\",\"@id\":\"https:\/\/farmaciamaitecosta.com\/#website\",\"url\":\"https:\/\/farmaciamaitecosta.com\/\",\"name\":\"Farm\u00e0cia Maite Costa a Calders\",\"description\":\"La teva farm\u00e0cia a Calders\",\"publisher\":{\"@id\":\"https:\/\/farmaciamaitecosta.com\/#organization\"},\"potentialAction\":[{\"@type\":\"SearchAction\",\"target\":{\"@type\":\"EntryPoint\",\"urlTemplate\":\"https:\/\/farmaciamaitecosta.com\/?s={search_term_string}\"},\"query-input\":{\"@type\":\"PropertyValueSpecification\",\"valueRequired\":true,\"valueName\":\"search_term_string\"}}],\"inLanguage\":\"es\"},{\"@type\":\"Organization\",\"@id\":\"https:\/\/farmaciamaitecosta.com\/#organization\",\"name\":\"Farm\u00e0cia Maite Costa a Calders\",\"url\":\"https:\/\/farmaciamaitecosta.com\/\",\"logo\":{\"@type\":\"ImageObject\",\"inLanguage\":\"es\",\"@id\":\"https:\/\/farmaciamaitecosta.com\/#\/schema\/logo\/image\/\",\"url\":\"https:\/\/farmaciamaitecosta.com\/wp-content\/uploads\/2023\/07\/cropped-LOGO_FARMACIA_MAITECOSTASABATA-V5-09.png\",\"contentUrl\":\"https:\/\/farmaciamaitecosta.com\/wp-content\/uploads\/2023\/07\/cropped-LOGO_FARMACIA_MAITECOSTASABATA-V5-09.png\",\"width\":596,\"height\":170,\"caption\":\"Farm\u00e0cia Maite Costa a Calders\"},\"image\":{\"@id\":\"https:\/\/farmaciamaitecosta.com\/#\/schema\/logo\/image\/\"}}]}<\/script>\n<!-- \/ Yoast SEO plugin. -->","yoast_head_json":{"title":"Pol\u00edtica de cookies - Farm\u00e0cia Maite Costa a Calders","robots":{"index":"index","follow":"follow","max-snippet":"max-snippet:-1","max-image-preview":"max-image-preview:large","max-video-preview":"max-video-preview:-1"},"canonical":"https:\/\/farmaciamaitecosta.com\/politica-de-cookies\/","og_locale":"es_ES","og_type":"article","og_title":"Pol\u00edtica de cookies - Farm\u00e0cia Maite Costa a Calders","og_description":"Farm\u00e0cia Maite Costa Nuestro sitio web utilitza una tecnologia llamada \u201ccookie\u201d, con la finalidad de poder obtener informaci\u00f3n sobre el uso del sitio web, mejorar la experiencia de el usuario y garantizar su correcto funcionamento. Definici\u00f3n de Cookie Una \u201ccookie\u201d es un peque\u00f1o fragmento de texto que los sitios web envian al navegador y que [&hellip;]","og_url":"https:\/\/farmaciamaitecosta.com\/politica-de-cookies\/","og_site_name":"Farm\u00e0cia Maite Costa a Calders","article_modified_time":"2023-08-03T10:29:42+00:00","twitter_card":"summary_large_image","twitter_misc":{"Tiempo de lectura":"7 minutos"},"schema":{"@context":"https:\/\/schema.org","@graph":[{"@type":"WebPage","@id":"https:\/\/farmaciamaitecosta.com\/politica-de-cookies\/","url":"https:\/\/farmaciamaitecosta.com\/politica-de-cookies\/","name":"Pol\u00edtica de cookies - Farm\u00e0cia Maite Costa a Calders","isPartOf":{"@id":"https:\/\/farmaciamaitecosta.com\/#website"},"datePublished":"2022-11-16T09:44:18+00:00","dateModified":"2023-08-03T10:29:42+00:00","breadcrumb":{"@id":"https:\/\/farmaciamaitecosta.com\/politica-de-cookies\/#breadcrumb"},"inLanguage":"es","potentialAction":[{"@type":"ReadAction","target":["https:\/\/farmaciamaitecosta.com\/politica-de-cookies\/"]}]},{"@type":"BreadcrumbList","@id":"https:\/\/farmaciamaitecosta.com\/politica-de-cookies\/#breadcrumb","itemListElement":[{"@type":"ListItem","position":1,"name":"Portada","item":"https:\/\/farmaciamaitecosta.com\/es\/inicio\/"},{"@type":"ListItem","position":2,"name":"Pol\u00edtica de cookies"}]},{"@type":"WebSite","@id":"https:\/\/farmaciamaitecosta.com\/#website","url":"https:\/\/farmaciamaitecosta.com\/","name":"Farm\u00e0cia Maite Costa a Calders","description":"La teva farm\u00e0cia a Calders","publisher":{"@id":"https:\/\/farmaciamaitecosta.com\/#organization"},"potentialAction":[{"@type":"SearchAction","target":{"@type":"EntryPoint","urlTemplate":"https:\/\/farmaciamaitecosta.com\/?s={search_term_string}"},"query-input":{"@type":"PropertyValueSpecification","valueRequired":true,"valueName":"search_term_string"}}],"inLanguage":"es"},{"@type":"Organization","@id":"https:\/\/farmaciamaitecosta.com\/#organization","name":"Farm\u00e0cia Maite Costa a Calders","url":"https:\/\/farmaciamaitecosta.com\/","logo":{"@type":"ImageObject","inLanguage":"es","@id":"https:\/\/farmaciamaitecosta.com\/#\/schema\/logo\/image\/","url":"https:\/\/farmaciamaitecosta.com\/wp-content\/uploads\/2023\/07\/cropped-LOGO_FARMACIA_MAITECOSTASABATA-V5-09.png","contentUrl":"https:\/\/farmaciamaitecosta.com\/wp-content\/uploads\/2023\/07\/cropped-LOGO_FARMACIA_MAITECOSTASABATA-V5-09.png","width":596,"height":170,"caption":"Farm\u00e0cia Maite Costa a Calders"},"image":{"@id":"https:\/\/farmaciamaitecosta.com\/#\/schema\/logo\/image\/"}}]}},"_links":{"self":[{"href":"https:\/\/farmaciamaitecosta.com\/es\/wp-json\/wp\/v2\/pages\/842"}],"collection":[{"href":"https:\/\/farmaciamaitecosta.com\/es\/wp-json\/wp\/v2\/pages"}],"about":[{"href":"https:\/\/farmaciamaitecosta.com\/es\/wp-json\/wp\/v2\/types\/page"}],"author":[{"embeddable":true,"href":"https:\/\/farmaciamaitecosta.com\/es\/wp-json\/wp\/v2\/users\/1"}],"replies":[{"embeddable":true,"href":"https:\/\/farmaciamaitecosta.com\/es\/wp-json\/wp\/v2\/comments?post=842"}],"version-history":[{"count":7,"href":"https:\/\/farmaciamaitecosta.com\/es\/wp-json\/wp\/v2\/pages\/842\/revisions"}],"predecessor-version":[{"id":1136,"href":"https:\/\/farmaciamaitecosta.com\/es\/wp-json\/wp\/v2\/pages\/842\/revisions\/1136"}],"wp:attachment":[{"href":"https:\/\/farmaciamaitecosta.com\/es\/wp-json\/wp\/v2\/media?parent=842"}],"curies":[{"name":"wp","href":"https:\/\/api.w.org\/{rel}","templated":true}]}}